{"id":243,"date":"2022-01-04T00:34:09","date_gmt":"2022-01-04T08:34:09","guid":{"rendered":"https:\/\/lomitatorrancedental.com\/?page_id=243"},"modified":"2022-01-15T04:13:12","modified_gmt":"2022-01-15T12:13:12","slug":"links-and-resources","status":"publish","type":"page","link":"https:\/\/lomitatorrancedental.com\/es\/links-and-resources\/","title":{"rendered":"Links And Resources"},"content":{"rendered":"","protected":false},"excerpt":{"rendered":"","protected":false},"author":1,"featured_media":0,"parent":0,"menu_order":20,"comment_status":"closed","ping_status":"closed","template":"","meta":{"_cloudinary_featured_overwrite":false,"footnotes":""},"class_list":["post-243","page","type-page","status-publish","hentry"],"yoast_head":"<!-- This site is optimized with the Yoast SEO plugin v27.3 - https:\/\/yoast.com\/product\/yoast-seo-wordpress\/ -->\n<title>Links And Resources - Lomita Torrance Dental<\/title>\n<meta name=\"description\" content=\"Our office is inviting and open, and you\u2019ll always be greeted by smiling faces who are genuinely happy to see you.\" \/>\n<meta name=\"robots\" content=\"index, follow, max-snippet:-1, max-image-preview:large, max-video-preview:-1\" \/>\n<link rel=\"canonical\" href=\"https:\/\/lomitatorrancedental.com\/es\/links-and-resources\/\" \/>\n<meta property=\"og:locale\" content=\"es_MX\" \/>\n<meta property=\"og:type\" content=\"article\" \/>\n<meta property=\"og:title\" content=\"Links And Resources - Lomita Torrance Dental\" \/>\n<meta property=\"og:description\" content=\"Our office is inviting and open, and you\u2019ll always be greeted by smiling faces who are genuinely happy to see you.\" \/>\n<meta property=\"og:url\" content=\"https:\/\/lomitatorrancedental.com\/es\/links-and-resources\/\" \/>\n<meta property=\"og:site_name\" content=\"Lomita Torrance Dental\" \/>\n<meta property=\"article:modified_time\" content=\"2022-01-15T12:13:12+00:00\" \/>\n<meta name=\"twitter:card\" content=\"summary_large_image\" \/>\n<script type=\"application\/ld+json\" class=\"yoast-schema-graph\">{\"@context\":\"https:\\\/\\\/schema.org\",\"@graph\":[{\"@type\":\"WebPage\",\"@id\":\"https:\\\/\\\/lomitatorrancedental.com\\\/links-and-resources\\\/\",\"url\":\"https:\\\/\\\/lomitatorrancedental.com\\\/links-and-resources\\\/\",\"name\":\"Links And Resources - Lomita Torrance Dental\",\"isPartOf\":{\"@id\":\"https:\\\/\\\/lomitatorrancedental.com\\\/#website\"},\"datePublished\":\"2022-01-04T08:34:09+00:00\",\"dateModified\":\"2022-01-15T12:13:12+00:00\",\"description\":\"Our office is inviting and open, and you\u2019ll always be greeted by smiling faces who are genuinely happy to see you.\",\"breadcrumb\":{\"@id\":\"https:\\\/\\\/lomitatorrancedental.com\\\/links-and-resources\\\/#breadcrumb\"},\"inLanguage\":\"es\",\"potentialAction\":[{\"@type\":\"ReadAction\",\"target\":[\"https:\\\/\\\/lomitatorrancedental.com\\\/links-and-resources\\\/\"]}]},{\"@type\":\"BreadcrumbList\",\"@id\":\"https:\\\/\\\/lomitatorrancedental.com\\\/links-and-resources\\\/#breadcrumb\",\"itemListElement\":[{\"@type\":\"ListItem\",\"position\":1,\"name\":\"Home\",\"item\":\"https:\\\/\\\/lomitatorrancedental.com\\\/\"},{\"@type\":\"ListItem\",\"position\":2,\"name\":\"Links And Resources\"}]},{\"@type\":\"WebSite\",\"@id\":\"https:\\\/\\\/lomitatorrancedental.com\\\/#website\",\"url\":\"https:\\\/\\\/lomitatorrancedental.com\\\/\",\"name\":\"Lomita Torrance Dental\",\"description\":\"Keeping Comfortable, Friendly Care Affordable\",\"potentialAction\":[{\"@type\":\"SearchAction\",\"target\":{\"@type\":\"EntryPoint\",\"urlTemplate\":\"https:\\\/\\\/lomitatorrancedental.com\\\/?s={search_term_string}\"},\"query-input\":{\"@type\":\"PropertyValueSpecification\",\"valueRequired\":true,\"valueName\":\"search_term_string\"}}],\"inLanguage\":\"es\"}]}<\/script>\n<!-- \/ Yoast SEO plugin. -->","yoast_head_json":{"title":"Links And Resources - Lomita Torrance Dental","description":"Nuestra cl\u00ednica es acogedora y abierta, y siempre ser\u00e1s recibido con rostros sonrientes que est\u00e1n genuinamente felices de verte.","robots":{"index":"index","follow":"follow","max-snippet":"max-snippet:-1","max-image-preview":"max-image-preview:large","max-video-preview":"max-video-preview:-1"},"canonical":"https:\/\/lomitatorrancedental.com\/es\/links-and-resources\/","og_locale":"es_MX","og_type":"article","og_title":"Links And Resources - Lomita Torrance Dental","og_description":"Our office is inviting and open, and you\u2019ll always be greeted by smiling faces who are genuinely happy to see you.","og_url":"https:\/\/lomitatorrancedental.com\/es\/links-and-resources\/","og_site_name":"Lomita Torrance Dental","article_modified_time":"2022-01-15T12:13:12+00:00","twitter_card":"summary_large_image","schema":{"@context":"https:\/\/schema.org","@graph":[{"@type":"WebPage","@id":"https:\/\/lomitatorrancedental.com\/links-and-resources\/","url":"https:\/\/lomitatorrancedental.com\/links-and-resources\/","name":"Links And Resources - Lomita Torrance Dental","isPartOf":{"@id":"https:\/\/lomitatorrancedental.com\/#website"},"datePublished":"2022-01-04T08:34:09+00:00","dateModified":"2022-01-15T12:13:12+00:00","description":"Nuestra cl\u00ednica es acogedora y abierta, y siempre ser\u00e1s recibido con rostros sonrientes que est\u00e1n genuinamente felices de verte.","breadcrumb":{"@id":"https:\/\/lomitatorrancedental.com\/links-and-resources\/#breadcrumb"},"inLanguage":"es","potentialAction":[{"@type":"ReadAction","target":["https:\/\/lomitatorrancedental.com\/links-and-resources\/"]}]},{"@type":"BreadcrumbList","@id":"https:\/\/lomitatorrancedental.com\/links-and-resources\/#breadcrumb","itemListElement":[{"@type":"ListItem","position":1,"name":"Home","item":"https:\/\/lomitatorrancedental.com\/"},{"@type":"ListItem","position":2,"name":"Links And Resources"}]},{"@type":"WebSite","@id":"https:\/\/lomitatorrancedental.com\/#website","url":"https:\/\/lomitatorrancedental.com\/","name":"Lomita Torrance Dental","description":"Keeping Comfortable, Friendly Care Affordable","potentialAction":[{"@type":"SearchAction","target":{"@type":"EntryPoint","urlTemplate":"https:\/\/lomitatorrancedental.com\/?s={search_term_string}"},"query-input":{"@type":"PropertyValueSpecification","valueRequired":true,"valueName":"search_term_string"}}],"inLanguage":"es"}]}},"_links":{"self":[{"href":"https:\/\/lomitatorrancedental.com\/es\/wp-json\/wp\/v2\/pages\/243","targetHints":{"allow":["GET"]}}],"collection":[{"href":"https:\/\/lomitatorrancedental.com\/es\/wp-json\/wp\/v2\/pages"}],"about":[{"href":"https:\/\/lomitatorrancedental.com\/es\/wp-json\/wp\/v2\/types\/page"}],"author":[{"embeddable":true,"href":"https:\/\/lomitatorrancedental.com\/es\/wp-json\/wp\/v2\/users\/1"}],"replies":[{"embeddable":true,"href":"https:\/\/lomitatorrancedental.com\/es\/wp-json\/wp\/v2\/comments?post=243"}],"version-history":[{"count":1,"href":"https:\/\/lomitatorrancedental.com\/es\/wp-json\/wp\/v2\/pages\/243\/revisions"}],"predecessor-version":[{"id":244,"href":"https:\/\/lomitatorrancedental.com\/es\/wp-json\/wp\/v2\/pages\/243\/revisions\/244"}],"wp:attachment":[{"href":"https:\/\/lomitatorrancedental.com\/es\/wp-json\/wp\/v2\/media?parent=243"}],"curies":[{"name":"wp","href":"https:\/\/api.w.org\/{rel}","templated":true}]}}