{"id":240,"date":"2022-01-04T00:31:07","date_gmt":"2022-01-04T08:31:07","guid":{"rendered":"https:\/\/lomitatorrancedental.com\/?page_id=240"},"modified":"2025-09-03T11:16:31","modified_gmt":"2025-09-03T18:16:31","slug":"patient-reviews-testimonials","status":"publish","type":"page","link":"https:\/\/lomitatorrancedental.com\/es\/patient-reviews-testimonials\/","title":{"rendered":"RESE\u00d1AS"},"content":{"rendered":"<h1>\n\t\t\tREVIEWS\t<\/h1>\n\t<p>Cl\u00ednica dental multiespecialidad con tecnolog\u00eda avanzada y atenci\u00f3n de calidad para la comunidad de Torrance.<\/p>\n\t\t\t<a href=\"tel:+13105397835\" target=\"_self\">\n\t\t\t\t\t\tLlamar (310) 539-7835\n\t\t\t\t\t<\/a>\n\t\t\t<a href=\"https:\/\/www.patientviewer.com\/?RSID=36333139&#038;CID=33&#038;C=1254&#038;utm_source=LTDO&#038;utm_medium=test2&#038;utm_campaign=Mainwebsite\" target=\"_blank\" rel=\"noopener\">\n\t\t\t\t\t\tPROGRAMAR CITA EN L\u00cdNEA\n\t\t\t\t\t<\/a>\n<h2>\n\t\t\tMiles de Pacientes Satisfechos\t<\/h2>\n<h2>\n\t\t\t\u00bfListo Para Transformar Su Sonrisa?\t<\/h2>\n\t<p>\u00a1Puede confiar su sonrisa a nuestro dentista en Torrance, CA!<\/p>\n\t\t\t\t\t\t\t\t<a href=\"https:\/\/lomitatorrancedental.com\/es\/contact-us-schedule-appointment\/#map\" target=\"_self\">\n\t\t\t\t\t\t<\/a>\n\t<h3><a href=\"https:\/\/lomitatorrancedental.com\/es\/contact-us-schedule-appointment\/#map\"  target=\"_self\">Encuentre Nuestro Consultorio<\/a><\/h3><p>Nuestra cl\u00ednica dental es f\u00e1cil de encontrar en Torrance, CA, muy cerca de la gasolinera ARCO. Obtenga indicaciones haciendo clic en el bot\u00f3n de abajo.<\/p>\n<p>&nbsp;<\/p>\n<p>&nbsp;<\/p>\n\t\t\t<a href=\"https:\/\/lomitatorrancedental.com\/es\/contact-us-schedule-appointment\/#map\" target=\"_self\">\n\t\t\t\t\t\t\tC\u00d3MO LLEGAR\n\t\t\t<\/a>\n\t\t\t\t\t\t\t\t<a href=\"https:\/\/www.patientviewer.com\/?RSID=36333139&#038;CID=33&#038;C=1254&#038;utm_source=LTDO&#038;utm_medium=test2&#038;utm_campaign=Mainwebsite\" target=\"_blank\" rel=\"noopener\">\n\t\t\t\t\t\t<\/a>\n\t<h3><a href=\"https:\/\/www.patientviewer.com\/?RSID=36333139&#038;CID=33&#038;C=1254&#038;utm_source=LTDO&#038;utm_medium=test2&#038;utm_campaign=Mainwebsite\"  target=\"_blank\"  rel=\"noopener\">Programe Su Cita<\/a><\/h3><p>We&#8217;re here to make your visits as convenient as possible. You can schedule your appointments either online or call us directly at (310) 539-7835.<\/p>\n<p>&nbsp;<\/p>\n<p>&nbsp;<\/p>\n\t\t\t<a href=\"https:\/\/www.patientviewer.com\/?RSID=36333139&#038;CID=33&#038;C=1254&#038;utm_source=LTDO&#038;utm_medium=test2&#038;utm_campaign=Mainwebsite\" target=\"_blank\" rel=\"noopener\">\n\t\t\t\t\t\t\tPROGRAMAR CITA EN L\u00cdNEA\n\t\t\t<\/a>\n\t\t\t\t\t\t\t\t<a href=\"https:\/\/lomitatorrancedental.com\/es\/new-patient-forms\/#forms\" target=\"_blank\" rel=\"noopener\">\n\t\t\t\t\t\t<\/a>\n\t<h3><a href=\"https:\/\/lomitatorrancedental.com\/es\/new-patient-forms\/#forms\"  target=\"_blank\"  rel=\"noopener\">Descargue Los Formularios De Pacientes<\/a><\/h3><p>Puede descargar nuestros formularios para nuevos pacientes directamente desde nuestro sitio web. Si\u00e9ntase libre de completarlos en la comodidad de su hogar.<\/p>\n<p>&nbsp;<\/p>\n<p>&nbsp;<\/p>\n\t\t\t<a href=\"https:\/\/lomitatorrancedental.com\/es\/new-patient-forms\/#forms\" target=\"_blank\" rel=\"noopener\">\n\t\t\t\t\t\t\tDOWNLOAD OUR FORMS\n\t\t\t<\/a>\n<h2  id=\"contactform\">\n\t\t\t\u00bfListo Para Comenzar Su Viaje Hacia Una Mejor Sonrisa?\t<\/h2>\n\t<p>Your new smile is only a few clicks away &#8211; fill out the form below and someone from our team will get in touch with you!<\/p>\n\t<iframe src=\"https:\/\/www.google.com\/maps\/embed\/v1\/place?q=23520+Crenshaw+Blvd%2C+Torrance%2C+CA+90505&#038;key=AIzaSyD09zQ9PNDNNy9TadMuzRV_UsPUoWKntt8\" aria-hidden=\"true\" title=\"Lomita Torrance Dental\"><\/iframe>\n\t<p><strong>Lomita-Torrance Dental Office<\/strong><\/p>\n<a href=\"https:\/\/maps.google.com\/maps?f=q&amp;hl=en&amp;q=23520+Crenshaw+Boulevard,+90505\" target=\"_blank\" rel=\"noopener noreferrer\">23520 Crenshaw Boulevard<br \/>\nTorrance,\u00a0CA\u00a090505<\/a>\n<strong>Call<\/strong>:\u00a0<a href=\"tel:+13105397835\">(310) 539-7835<\/a>\n<strong>Fax<\/strong>:\u00a0310-530-1510\n\t<p><strong>Our Hours<\/strong><\/p>\nMon8:00AM &#8211; 5:00PM\nTue9:00AM &#8211; 6:00PM\nWed8:00AM &#8211; 5:00PM\nThu9:00AM &#8211; 6:00PM\nFri8:00AM &#8211; 5:00PM\n\t<p><strong>Quick Links<\/strong><\/p>","protected":false},"excerpt":{"rendered":"<p>REVIEWS A State-of-the-Art Facility offering quality dentistry to Torrance Community CALL (310) 539-7835 SCHEDULE ONLINE Thousands of Satisfied Patients Ready For Your Smile Makeover? You can trust your smile with our dentist in Torrance, CA! Find Our Office Our dental office is easy to find in Torrance, CA in close proximity to the ARCO gas&hellip;<\/p>","protected":false},"author":1,"featured_media":0,"parent":0,"menu_order":5,"comment_status":"closed","ping_status":"closed","template":"","meta":{"_cloudinary_featured_overwrite":false,"footnotes":""},"class_list":["post-240","page","type-page","status-publish","hentry"],"yoast_head":"<!-- This site is optimized with the Yoast SEO plugin v27.3 - https:\/\/yoast.com\/product\/yoast-seo-wordpress\/ -->\n<title>Actual Patient Testimonials | Dentist Reviews Torrance<\/title>\n<meta name=\"description\" content=\"Our Torrance CA Dentist office lets our reviews speak for themselves. If you have been served by Lomita-Torrance Dental Office in the past, leave a review!\" \/>\n<meta name=\"robots\" content=\"index, follow, max-snippet:-1, max-image-preview:large, max-video-preview:-1\" \/>\n<link rel=\"canonical\" href=\"https:\/\/lomitatorrancedental.com\/es\/reviews\/patient-reviews-testimonials\/\" \/>\n<meta property=\"og:locale\" content=\"es_MX\" \/>\n<meta property=\"og:type\" content=\"article\" \/>\n<meta property=\"og:title\" content=\"Actual Patient Testimonials | Dentist Reviews Torrance\" \/>\n<meta property=\"og:description\" content=\"Our Torrance CA Dentist office lets our reviews speak for themselves. If you have been served by Lomita-Torrance Dental Office in the past, leave a review!\" \/>\n<meta property=\"og:url\" content=\"https:\/\/lomitatorrancedental.com\/es\/reviews\/patient-reviews-testimonials\/\" \/>\n<meta property=\"og:site_name\" content=\"Lomita Torrance Dental\" \/>\n<meta property=\"article:modified_time\" content=\"2025-09-03T18:16:31+00:00\" \/>\n<meta name=\"twitter:card\" content=\"summary_large_image\" \/>\n<meta name=\"twitter:label1\" content=\"Tiempo de lectura\" \/>\n\t<meta name=\"twitter:data1\" content=\"1 minuto\" \/>\n<script type=\"application\/ld+json\" class=\"yoast-schema-graph\">{\"@context\":\"https:\\\/\\\/schema.org\",\"@graph\":[{\"@type\":\"WebPage\",\"@id\":\"https:\\\/\\\/lomitatorrancedental.com\\\/patient-reviews-testimonials\\\/\",\"url\":\"https:\\\/\\\/lomitatorrancedental.com\\\/reviews\\\/patient-reviews-testimonials\\\/\",\"name\":\"Actual Patient Testimonials | Dentist Reviews Torrance\",\"isPartOf\":{\"@id\":\"https:\\\/\\\/lomitatorrancedental.com\\\/#website\"},\"datePublished\":\"2022-01-04T08:31:07+00:00\",\"dateModified\":\"2025-09-03T18:16:31+00:00\",\"description\":\"Our Torrance CA Dentist office lets our reviews speak for themselves. If you have been served by Lomita-Torrance Dental Office in the past, leave a review!\",\"breadcrumb\":{\"@id\":\"https:\\\/\\\/lomitatorrancedental.com\\\/reviews\\\/patient-reviews-testimonials\\\/#breadcrumb\"},\"inLanguage\":\"es\",\"potentialAction\":[{\"@type\":\"ReadAction\",\"target\":[\"https:\\\/\\\/lomitatorrancedental.com\\\/reviews\\\/patient-reviews-testimonials\\\/\"]}]},{\"@type\":\"BreadcrumbList\",\"@id\":\"https:\\\/\\\/lomitatorrancedental.com\\\/reviews\\\/patient-reviews-testimonials\\\/#breadcrumb\",\"itemListElement\":[{\"@type\":\"ListItem\",\"position\":1,\"name\":\"Home\",\"item\":\"https:\\\/\\\/lomitatorrancedental.com\\\/\"},{\"@type\":\"ListItem\",\"position\":2,\"name\":\"Reviews\"}]},{\"@type\":\"WebSite\",\"@id\":\"https:\\\/\\\/lomitatorrancedental.com\\\/#website\",\"url\":\"https:\\\/\\\/lomitatorrancedental.com\\\/\",\"name\":\"Lomita Torrance Dental\",\"description\":\"Keeping Comfortable, Friendly Care Affordable\",\"potentialAction\":[{\"@type\":\"SearchAction\",\"target\":{\"@type\":\"EntryPoint\",\"urlTemplate\":\"https:\\\/\\\/lomitatorrancedental.com\\\/?s={search_term_string}\"},\"query-input\":{\"@type\":\"PropertyValueSpecification\",\"valueRequired\":true,\"valueName\":\"search_term_string\"}}],\"inLanguage\":\"es\"}]}<\/script>\n<!-- \/ Yoast SEO plugin. -->","yoast_head_json":{"title":"Actual Patient Testimonials | Dentist Reviews Torrance","description":"Our Torrance CA Dentist office lets our reviews speak for themselves. If you have been served by Lomita-Torrance Dental Office in the past, leave a review!","robots":{"index":"index","follow":"follow","max-snippet":"max-snippet:-1","max-image-preview":"max-image-preview:large","max-video-preview":"max-video-preview:-1"},"canonical":"https:\/\/lomitatorrancedental.com\/es\/reviews\/patient-reviews-testimonials\/","og_locale":"es_MX","og_type":"article","og_title":"Actual Patient Testimonials | Dentist Reviews Torrance","og_description":"Our Torrance CA Dentist office lets our reviews speak for themselves. If you have been served by Lomita-Torrance Dental Office in the past, leave a review!","og_url":"https:\/\/lomitatorrancedental.com\/es\/reviews\/patient-reviews-testimonials\/","og_site_name":"Lomita Torrance Dental","article_modified_time":"2025-09-03T18:16:31+00:00","twitter_card":"summary_large_image","twitter_misc":{"Tiempo de lectura":"1 minuto"},"schema":{"@context":"https:\/\/schema.org","@graph":[{"@type":"WebPage","@id":"https:\/\/lomitatorrancedental.com\/patient-reviews-testimonials\/","url":"https:\/\/lomitatorrancedental.com\/reviews\/patient-reviews-testimonials\/","name":"Actual Patient Testimonials | Dentist Reviews Torrance","isPartOf":{"@id":"https:\/\/lomitatorrancedental.com\/#website"},"datePublished":"2022-01-04T08:31:07+00:00","dateModified":"2025-09-03T18:16:31+00:00","description":"Our Torrance CA Dentist office lets our reviews speak for themselves. If you have been served by Lomita-Torrance Dental Office in the past, leave a review!","breadcrumb":{"@id":"https:\/\/lomitatorrancedental.com\/reviews\/patient-reviews-testimonials\/#breadcrumb"},"inLanguage":"es","potentialAction":[{"@type":"ReadAction","target":["https:\/\/lomitatorrancedental.com\/reviews\/patient-reviews-testimonials\/"]}]},{"@type":"BreadcrumbList","@id":"https:\/\/lomitatorrancedental.com\/reviews\/patient-reviews-testimonials\/#breadcrumb","itemListElement":[{"@type":"ListItem","position":1,"name":"Home","item":"https:\/\/lomitatorrancedental.com\/"},{"@type":"ListItem","position":2,"name":"Reviews"}]},{"@type":"WebSite","@id":"https:\/\/lomitatorrancedental.com\/#website","url":"https:\/\/lomitatorrancedental.com\/","name":"Lomita Torrance Dental","description":"Keeping Comfortable, Friendly Care Affordable","potentialAction":[{"@type":"SearchAction","target":{"@type":"EntryPoint","urlTemplate":"https:\/\/lomitatorrancedental.com\/?s={search_term_string}"},"query-input":{"@type":"PropertyValueSpecification","valueRequired":true,"valueName":"search_term_string"}}],"inLanguage":"es"}]}},"_links":{"self":[{"href":"https:\/\/lomitatorrancedental.com\/es\/wp-json\/wp\/v2\/pages\/240","targetHints":{"allow":["GET"]}}],"collection":[{"href":"https:\/\/lomitatorrancedental.com\/es\/wp-json\/wp\/v2\/pages"}],"about":[{"href":"https:\/\/lomitatorrancedental.com\/es\/wp-json\/wp\/v2\/types\/page"}],"author":[{"embeddable":true,"href":"https:\/\/lomitatorrancedental.com\/es\/wp-json\/wp\/v2\/users\/1"}],"replies":[{"embeddable":true,"href":"https:\/\/lomitatorrancedental.com\/es\/wp-json\/wp\/v2\/comments?post=240"}],"version-history":[{"count":7,"href":"https:\/\/lomitatorrancedental.com\/es\/wp-json\/wp\/v2\/pages\/240\/revisions"}],"predecessor-version":[{"id":1888,"href":"https:\/\/lomitatorrancedental.com\/es\/wp-json\/wp\/v2\/pages\/240\/revisions\/1888"}],"wp:attachment":[{"href":"https:\/\/lomitatorrancedental.com\/es\/wp-json\/wp\/v2\/media?parent=240"}],"curies":[{"name":"wp","href":"https:\/\/api.w.org\/{rel}","templated":true}]}}