{"id":172,"date":"2022-01-03T22:16:35","date_gmt":"2022-01-04T06:16:35","guid":{"rendered":"https:\/\/lomitatorrancedental.com\/?page_id=172"},"modified":"2025-06-10T23:30:07","modified_gmt":"2025-06-11T06:30:07","slug":"homepage","status":"publish","type":"page","link":"https:\/\/lomitatorrancedental.com\/es\/homepage\/","title":{"rendered":"Homepage"},"content":{"rendered":"<h1>\n\t\t\tCl\u00ednica Dental Multiespecialidad\t<\/h1>\n\t<p>Cl\u00ednica dental multiespecialidad con tecnolog\u00eda avanzada y atenci\u00f3n de calidad para la comunidad de Torrance.<\/p>\n\t\t\t<a href=\"\" target=\"_self\">\n\t\t\t\t\t\tCALL NOW\n\t\t\t\t\t<\/a>\n\t\t\t<a href=\"\" target=\"_self\">\n\t\t\t\t\t\tPROGRAMAR CITA EN L\u00cdNEA\n\t\t\t\t\t<\/a>\n\t\t\t\t<img width='250' height='250' decoding='async' src='data:image\/svg+xml;base64,PHN2ZyB4bWxucz0iaHR0cDovL3d3dy53My5vcmcvMjAwMC9zdmciIHdpZHRoPSIyNTAiIGhlaWdodD0iMjUwIj48cmVjdCB3aWR0aD0iMTAwJSIgaGVpZ2h0PSIxMDAlIj48YW5pbWF0ZSBhdHRyaWJ1dGVOYW1lPSJmaWxsIiB2YWx1ZXM9InJnYmEoMTUzLDE1MywxNTMsMC41KTtyZ2JhKDE1MywxNTMsMTUzLDAuMSk7cmdiYSgxNTMsMTUzLDE1MywwLjUpIiBkdXI9IjJzIiByZXBlYXRDb3VudD0iaW5kZWZpbml0ZSIgLz48L3JlY3Q+PC9zdmc+' alt='fillonline-250x250' itemprop='image' title='fillonline-250x250' onerror='this.style.display=&#039;none&#039;' loading='lazy' data-public-id='fillonline-250x250-1\/fillonline-250x250-1.png' class='wp-post-0 wp-image-249' data-format='png' data-transformations='f_auto,q_auto' data-version='1641288067' data-seo='1' data-size='250 250' data-srcset='https:\/\/res.cloudinary.com\/lomitatorrancedental\/images\/f_auto,q_auto\/v1641288067\/fillonline-250x250-1\/fillonline-250x250-1.png?_i=AA 250w, https:\/\/res.cloudinary.com\/lomitatorrancedental\/images\/w_150,h_150,c_fill,g_auto\/f_auto,q_auto\/v1641288067\/fillonline-250x250-1\/fillonline-250x250-1.png?_i=AA 150w' data-sizes='(max-width: 250px) 100vw, 250px' data-delivery='upload' onload=';window.CLDBind?CLDBind(this):null;' data-cloudinary='lazy' \/>\n\t\t\t\t<img width='250' height='250' decoding='async' src='data:image\/svg+xml;base64,PHN2ZyB4bWxucz0iaHR0cDovL3d3dy53My5vcmcvMjAwMC9zdmciIHdpZHRoPSIyNTAiIGhlaWdodD0iMjUwIj48cmVjdCB3aWR0aD0iMTAwJSIgaGVpZ2h0PSIxMDAlIj48YW5pbWF0ZSBhdHRyaWJ1dGVOYW1lPSJmaWxsIiB2YWx1ZXM9InJnYmEoMTUzLDE1MywxNTMsMC41KTtyZ2JhKDE1MywxNTMsMTUzLDAuMSk7cmdiYSgxNTMsMTUzLDE1MywwLjUpIiBkdXI9IjJzIiByZXBlYXRDb3VudD0iaW5kZWZpbml0ZSIgLz48L3JlY3Q+PC9zdmc+' alt='downloadableforms1-250x250' itemprop='image' title='downloadableforms1-250x250' onerror='this.style.display=&#039;none&#039;' loading='lazy' data-public-id='downloadableforms1-250x250-1\/downloadableforms1-250x250-1.png' class='wp-post-0 wp-image-250' data-format='png' data-transformations='f_auto,q_auto' data-version='1641288089' data-seo='1' data-size='250 250' data-srcset='https:\/\/res.cloudinary.com\/lomitatorrancedental\/images\/f_auto,q_auto\/v1641288089\/downloadableforms1-250x250-1\/downloadableforms1-250x250-1.png?_i=AA 250w, https:\/\/res.cloudinary.com\/lomitatorrancedental\/images\/w_150,h_150,c_fill,g_auto\/f_auto,q_auto\/v1641288089\/downloadableforms1-250x250-1\/downloadableforms1-250x250-1.png?_i=AA 150w' data-sizes='(max-width: 250px) 100vw, 250px' data-delivery='upload' onload=';window.CLDBind?CLDBind(this):null;' data-cloudinary='lazy' \/>\n\t\t\t\t<img width='250' height='250' decoding='async' src='data:image\/svg+xml;base64,PHN2ZyB4bWxucz0iaHR0cDovL3d3dy53My5vcmcvMjAwMC9zdmciIHdpZHRoPSIyNTAiIGhlaWdodD0iMjUwIj48cmVjdCB3aWR0aD0iMTAwJSIgaGVpZ2h0PSIxMDAlIj48YW5pbWF0ZSBhdHRyaWJ1dGVOYW1lPSJmaWxsIiB2YWx1ZXM9InJnYmEoMTUzLDE1MywxNTMsMC41KTtyZ2JhKDE1MywxNTMsMTUzLDAuMSk7cmdiYSgxNTMsMTUzLDE1MywwLjUpIiBkdXI9IjJzIiByZXBlYXRDb3VudD0iaW5kZWZpbml0ZSIgLz48L3JlY3Q+PC9zdmc+' alt='downloadableforms1-250x250' itemprop='image' title='downloadableforms1-250x250' onerror='this.style.display=&#039;none&#039;' loading='lazy' data-public-id='downloadableforms1-250x250-1\/downloadableforms1-250x250-1.png' class='wp-post-0 wp-image-250' data-format='png' data-transformations='f_auto,q_auto' data-version='1641288089' data-seo='1' data-size='250 250' data-srcset='https:\/\/res.cloudinary.com\/lomitatorrancedental\/images\/f_auto,q_auto\/v1641288089\/downloadableforms1-250x250-1\/downloadableforms1-250x250-1.png?_i=AA 250w, https:\/\/res.cloudinary.com\/lomitatorrancedental\/images\/w_150,h_150,c_fill,g_auto\/f_auto,q_auto\/v1641288089\/downloadableforms1-250x250-1\/downloadableforms1-250x250-1.png?_i=AA 150w' data-sizes='(max-width: 250px) 100vw, 250px' data-delivery='upload' onload=';window.CLDBind?CLDBind(this):null;' data-cloudinary='lazy' \/>\n\t\t\t\t<img decoding=\"async\" src=\"https:\/\/lomitatorrancedental.com\/wp-content\/uploads\/2022\/01\/Veneers-BA2.jpg\" alt=\"Veneers BA2\" itemprop=\"image\" title=\"Veneers BA2\" onerror=\"this.style.display='none'\" loading='lazy' \/>\n\t\t\t\t<a href=\"https:\/\/lomitatorrancedental.com\/es\/team\/renee-white-rdh\/\"  target=\"_self\" itemprop=\"url\">\n\t\t\t\t<img decoding=\"async\" src=\"https:\/\/lomitatorrancedental.com\/wp-content\/uploads\/bb-plugin\/cache\/placeholder-woman-79x79-1-circle-71a3aed5ca7015a1b6100ddd703a1bdf-.png\" alt=\"placeholder-woman-79x79\" itemprop=\"image\" title=\"placeholder-woman-79x79\" onerror=\"this.style.display='none'\" loading='lazy' \/>\n\t\t\t\t<\/a>\n<h3><a href=\"https:\/\/lomitatorrancedental.com\/es\/team\/renee-white-rdh\/\" target=\"_self\">Renee White, RDH<\/a><\/h3><p>Nacida y criada en un peque\u00f1o pueblo del sur de Nueva Jersey, Renee obtuvo su t\u00edtulo de t\u00e9cnico en higiene dental (AA) en la Universidad de Temple. Adem\u00e1s de su trabajo como...<\/p>\n\t\t\t\t<a href=\"https:\/\/lomitatorrancedental.com\/es\/team\/claudia-aceves-office-manager\/\"  target=\"_self\" itemprop=\"url\">\n\t\t\t\t<img decoding=\"async\" src=\"https:\/\/lomitatorrancedental.com\/wp-content\/uploads\/bb-plugin\/cache\/Claudia-Aceves-Office-manager-jpg-circle-93fc6924ba9fb2b692ad0e17ef555f46-.png\" alt=\"Claudia Aceves Office manager\" itemprop=\"image\" title=\"Claudia Aceves Office manager\" onerror=\"this.style.display='none'\" loading='lazy' \/>\n\t\t\t\t<\/a>\n<h3><a href=\"https:\/\/lomitatorrancedental.com\/es\/team\/claudia-aceves-office-manager\/\" target=\"_self\">Claudia Aceves &#8211; Office Manager<\/a><\/h3>\t\n\t\t\t\t<a href=\"https:\/\/lomitatorrancedental.com\/es\/team\/oralia-treatment-coordinator\/\"  target=\"_self\" itemprop=\"url\">\n\t\t\t\t<img decoding=\"async\" src=\"https:\/\/lomitatorrancedental.com\/wp-content\/uploads\/bb-plugin\/cache\/Oralia-Torres-jpg-circle-a5d880e6c9bf79882c05eff5407ae768-.png\" alt=\"Oralia Torres\" itemprop=\"image\" title=\"Oralia Torres\" onerror=\"this.style.display='none'\" loading='lazy' \/>\n\t\t\t\t<\/a>\n<h3><a href=\"https:\/\/lomitatorrancedental.com\/es\/team\/oralia-treatment-coordinator\/\" target=\"_self\">Oralia Torres &#8211; Treatment Coordinator<\/a><\/h3>\t\n\t\t\t\t<a href=\"https:\/\/lomitatorrancedental.com\/es\/team\/rosa-marquez-treatment-coordinator\/\"  target=\"_self\" itemprop=\"url\">\n\t\t\t\t<img decoding=\"async\" src=\"https:\/\/lomitatorrancedental.com\/wp-content\/uploads\/bb-plugin\/cache\/Rosa-Marquez-jpg-circle-e993645babfc0b52f47eaa7501762a4a-.png\" alt=\"Rosa Marquez\" itemprop=\"image\" title=\"Rosa Marquez\" onerror=\"this.style.display='none'\" loading='lazy' \/>\n\t\t\t\t<\/a>\n<h3><a href=\"https:\/\/lomitatorrancedental.com\/es\/team\/rosa-marquez-treatment-coordinator\/\" target=\"_self\">Rosa Marquez &#8211; Treatment Coordinator<\/a><\/h3>\t\n\t\t\t\t<a href=\"https:\/\/lomitatorrancedental.com\/es\/team\/patricia-alonzo-treatment-coordinator\/\"  target=\"_self\" itemprop=\"url\">\n\t\t\t\t<img decoding=\"async\" src=\"https:\/\/lomitatorrancedental.com\/wp-content\/uploads\/bb-plugin\/cache\/Patricia-Alonzo-jpg-circle-05d1a9c08f4421a556009cbcff062ca8-.png\" alt=\"Patricia Alonzo\" itemprop=\"image\" title=\"Patricia Alonzo\" onerror=\"this.style.display='none'\" loading='lazy' \/>\n\t\t\t\t<\/a>\n<h3><a href=\"https:\/\/lomitatorrancedental.com\/es\/team\/patricia-alonzo-treatment-coordinator\/\" target=\"_self\">Patricia Alonzo &#8211; Treatment Coordinator<\/a><\/h3>\t\n\t\t\t\t<a href=\"https:\/\/lomitatorrancedental.com\/es\/team\/paulette-calidenia-hygienist\/\"  target=\"_self\" itemprop=\"url\">\n\t\t\t\t<img decoding=\"async\" src=\"https:\/\/lomitatorrancedental.com\/wp-content\/uploads\/bb-plugin\/cache\/Paulette-Calidenia-circle-fef3ea1debf25ade9de878e15db10967-.jpg\" alt=\"Paulette Calidenia Hygienist\" itemprop=\"image\" title=\"Paulette Calidenia Hygienist\" onerror=\"this.style.display='none'\" loading='lazy' \/>\n\t\t\t\t<\/a>\n<h3><a href=\"https:\/\/lomitatorrancedental.com\/es\/team\/paulette-calidenia-hygienist\/\" target=\"_self\">Paulette Calidenia &#8211; Hygienist<\/a><\/h3><p>Paulette has been in the dental field since 2010. She received her BS in Dental Hygiene and Masters in Healthcare Administration from West Coast&#8230;<\/p>\n\t\t\t\t<a href=\"https:\/\/lomitatorrancedental.com\/es\/team\/lisbeth-mejia-dental-assistant\/\"  target=\"_self\" itemprop=\"url\">\n\t\t\t\t<img decoding=\"async\" src=\"https:\/\/lomitatorrancedental.com\/wp-content\/uploads\/bb-plugin\/cache\/Lisbeth-Mejia-circle-b658deb5030bb395614bd388ddcdb7d6-.jpg\" alt=\"Lisbeth Mejia - Dental assistant\" itemprop=\"image\" title=\"Lisbeth Mejia - Dental assistant\" onerror=\"this.style.display='none'\" loading='lazy' \/>\n\t\t\t\t<\/a>\n<h3><a href=\"https:\/\/lomitatorrancedental.com\/es\/team\/lisbeth-mejia-dental-assistant\/\" target=\"_self\">Lisbeth Mejia &#8211; Dental Assistant<\/a><\/h3>\t\n\t\t\t\t<a href=\"https:\/\/lomitatorrancedental.com\/es\/team\/julian-ruelas-rda\/\"  target=\"_self\" itemprop=\"url\">\n\t\t\t\t<img decoding=\"async\" src=\"https:\/\/lomitatorrancedental.com\/wp-content\/uploads\/bb-plugin\/cache\/Julian-Ruelas-circle-1f4d0274cadd170c46653093297cee3e-.jpg\" alt=\"Julian Ruelas RDH\" itemprop=\"image\" title=\"Julian Ruelas RDH\" onerror=\"this.style.display='none'\" loading='lazy' \/>\n\t\t\t\t<\/a>\n<h3><a href=\"https:\/\/lomitatorrancedental.com\/es\/team\/julian-ruelas-rda\/\" target=\"_self\">Julian Ruelas RDA<\/a><\/h3>\t\n\t\t\t\t<a href=\"https:\/\/lomitatorrancedental.com\/es\/team\/erika-ferreira-dental-assistant\/\"  target=\"_self\" itemprop=\"url\">\n\t\t\t\t<img decoding=\"async\" src=\"https:\/\/lomitatorrancedental.com\/wp-content\/uploads\/bb-plugin\/cache\/Erika-Ferreira-jpg-circle-e31374b2b92b39fe12944b8e71f35be2-.png\" alt=\"Erika Ferreira - Dental Assistant\" itemprop=\"image\" title=\"Erika Ferreira - Dental Assistant\" onerror=\"this.style.display='none'\" loading='lazy' \/>\n\t\t\t\t<\/a>\n<h3><a href=\"https:\/\/lomitatorrancedental.com\/es\/team\/erika-ferreira-dental-assistant\/\" target=\"_self\">Erika Ferreira &#8211; Dental Assistant<\/a><\/h3>\t\n\t\t\t\t<a href=\"https:\/\/lomitatorrancedental.com\/es\/team\/haylie-hygienist\/\"  target=\"_self\" itemprop=\"url\">\n\t\t\t\t<img decoding=\"async\" src=\"https:\/\/lomitatorrancedental.com\/wp-content\/uploads\/bb-plugin\/cache\/Haylie-Hoopes-Hygienist-jpg-circle-605a4c0a965156a7eeac429b5b5e4fbc-.png\" alt=\"Haylie Hoopes - Hygienist\" itemprop=\"image\" title=\"Haylie Hoopes - Hygienist\" onerror=\"this.style.display='none'\" loading='lazy' \/>\n\t\t\t\t<\/a>\n<h3><a href=\"https:\/\/lomitatorrancedental.com\/es\/team\/haylie-hygienist\/\" target=\"_self\">Haylie Hoopes &#8211; Hygienist<\/a><\/h3><p>Haylie has been a Hygienist for 5 years. She graduated from Pasadena City College Dental Hygiene Program and is currently working on completing&#8230;<\/p>\n\t\t\t\t<a href=\"https:\/\/lomitatorrancedental.com\/es\/team\/oscar-tinoco-dental-assistant\/\"  target=\"_self\" itemprop=\"url\">\n\t\t\t\t<img decoding=\"async\" src=\"https:\/\/lomitatorrancedental.com\/wp-content\/uploads\/bb-plugin\/cache\/Oscar-Tinoco--Dental-assistant-jpg-circle-b31fb88d525e4052a5dcd7925ee07005-.png\" alt=\"Oscar Tinoco. Dental assistant\" itemprop=\"image\" title=\"Oscar Tinoco. Dental assistant\" onerror=\"this.style.display='none'\" loading='lazy' \/>\n\t\t\t\t<\/a>\n<h3><a href=\"https:\/\/lomitatorrancedental.com\/es\/team\/oscar-tinoco-dental-assistant\/\" target=\"_self\">Oscar Tinoco &#8211; Dental Assistant<\/a><\/h3>\t\n\t\t\t\t<a href=\"https:\/\/lomitatorrancedental.com\/es\/team\/priscilla-thomas\/\"  target=\"_self\" itemprop=\"url\">\n\t\t\t\t<img decoding=\"async\" src=\"https:\/\/lomitatorrancedental.com\/wp-content\/uploads\/bb-plugin\/cache\/Priscilla-thomas---Front-office-biller-treatment-coordinator-jpg-circle-995d5fca6cdca9ca01756bf623d5f249-.png\" alt=\"Priscilla thomas . Front office biller: treatment coordinator\" itemprop=\"image\" title=\"Priscilla thomas . Front office biller: treatment coordinator\" onerror=\"this.style.display='none'\" loading='lazy' \/>\n\t\t\t\t<\/a>\n<h3><a href=\"https:\/\/lomitatorrancedental.com\/es\/team\/priscilla-thomas\/\" target=\"_self\">Priscilla Thomas Front Office Biller \/ Treatment Coordinator<\/a><\/h3>\t\n\t\t\t\t<a href=\"https:\/\/lomitatorrancedental.com\/es\/team\/amber-orozco\/\"  target=\"_self\" itemprop=\"url\">\n\t\t\t\t<img decoding=\"async\" src=\"https:\/\/lomitatorrancedental.com\/wp-content\/uploads\/bb-plugin\/cache\/Amber-orozco-Receptionist-jpg-circle-a48407e9a27b4e2a2df82a26a6e8d6fa-.png\" alt=\"Amber orozco Receptionist\" itemprop=\"image\" title=\"Amber orozco Receptionist\" onerror=\"this.style.display='none'\" loading='lazy' \/>\n\t\t\t\t<\/a>\n<h3><a href=\"https:\/\/lomitatorrancedental.com\/es\/team\/amber-orozco\/\" target=\"_self\">Amber Orozco &#8211; Receptionist<\/a><\/h3>\t\n\t\t\t\t<a href=\"https:\/\/lomitatorrancedental.com\/es\/team\/michele-mcavin\/\"  target=\"_self\" itemprop=\"url\">\n\t\t\t\t<img decoding=\"async\" src=\"https:\/\/lomitatorrancedental.com\/wp-content\/uploads\/bb-plugin\/cache\/Michele-mcavin--Registered-dental-assistant-jpg-circle-6bbce9163e004c65ac65114f8c6780f4-.png\" alt=\"Michele mcavin. Registered dental assistant\" itemprop=\"image\" title=\"Michele mcavin. Registered dental assistant\" onerror=\"this.style.display='none'\" loading='lazy' \/>\n\t\t\t\t<\/a>\n<h3><a href=\"https:\/\/lomitatorrancedental.com\/es\/team\/michele-mcavin\/\" target=\"_self\">Michele Mcavin Registered Dental Assistant<\/a><\/h3>\t\n\t\t\t\t<a href=\"https:\/\/lomitatorrancedental.com\/es\/team\/dr-david-patterson-pedodontics\/\"  target=\"_self\" itemprop=\"url\">\n\t\t\t\t<img decoding=\"async\" src=\"https:\/\/lomitatorrancedental.com\/wp-content\/uploads\/bb-plugin\/cache\/Dr-David-Patterson-Pedodontics-jpg-circle-569d071a25feefeb6a59af059817d0a6-.png\" alt=\"Dr David Patterson - Pedodontics\" itemprop=\"image\" title=\"Dr David Patterson - Pedodontics\" onerror=\"this.style.display='none'\" loading='lazy' \/>\n\t\t\t\t<\/a>\n<h3><a href=\"https:\/\/lomitatorrancedental.com\/es\/team\/dr-david-patterson-pedodontics\/\" target=\"_self\">Dr David Patterson &#8211; Pedodontics<\/a><\/h3><p>Dr. Patterson grew up on in Florida, Wisconsin, and California. He studied chemistry and received his bachelor&#8217;s degree at University of&#8230;<\/p>","protected":false},"excerpt":{"rendered":"<p>MULTI SPECIALITY DENTAL PRACTICE A State-of-the-Art Facility offering quality dentistry to Torrance Community CALL NOW SCHEDULE ONLINE Renee White, RDH Born and raised in a small town in Southern New Jersey, Renee received her AA in Dental Hygiene from Temple University. In addition to her work as Claudia Aceves &#8211; Office Manager Oralia Torres &#8211;&hellip;<\/p>","protected":false},"author":1,"featured_media":0,"parent":0,"menu_order":0,"comment_status":"closed","ping_status":"closed","template":"","meta":{"_cloudinary_featured_overwrite":false,"footnotes":""},"class_list":["post-172","page","type-page","status-publish","hentry"],"yoast_head":"<!-- This site is optimized with the Yoast SEO plugin v27.3 - https:\/\/yoast.com\/product\/yoast-seo-wordpress\/ -->\n<title>Homepage - Lomita Torrance Dental<\/title>\n<meta name=\"robots\" content=\"index, follow, max-snippet:-1, max-image-preview:large, max-video-preview:-1\" \/>\n<link rel=\"canonical\" href=\"https:\/\/lomitatorrancedental.com\/es\/homepage\/\" \/>\n<meta property=\"og:locale\" content=\"es_MX\" \/>\n<meta property=\"og:type\" content=\"article\" \/>\n<meta property=\"og:title\" content=\"Homepage - Lomita Torrance Dental\" \/>\n<meta property=\"og:description\" content=\"MULTI SPECIALITY DENTAL PRACTICE A State-of-the-Art Facility offering quality dentistry to Torrance Community CALL NOW SCHEDULE ONLINE Renee White, RDH Born and raised in a small town in Southern New Jersey, Renee received her AA in Dental Hygiene from Temple University. In addition to her work as Claudia Aceves &#8211; Office Manager Oralia Torres &#8211;&hellip;\" \/>\n<meta property=\"og:url\" content=\"https:\/\/lomitatorrancedental.com\/es\/homepage\/\" \/>\n<meta property=\"og:site_name\" content=\"Lomita Torrance Dental\" \/>\n<meta property=\"article:modified_time\" content=\"2025-06-11T06:30:07+00:00\" \/>\n<meta property=\"og:image\" content=\"https:\/\/res.cloudinary.com\/lomitatorrancedental\/images\/f_auto,q_auto\/v1641288067\/fillonline-250x250-1\/fillonline-250x250-1.png?_i=AA\" \/>\n<meta name=\"twitter:card\" content=\"summary_large_image\" \/>\n<meta name=\"twitter:label1\" content=\"Tiempo de lectura\" \/>\n\t<meta name=\"twitter:data1\" content=\"1 minuto\" \/>\n<script type=\"application\/ld+json\" class=\"yoast-schema-graph\">{\"@context\":\"https:\\\/\\\/schema.org\",\"@graph\":[{\"@type\":\"WebPage\",\"@id\":\"https:\\\/\\\/lomitatorrancedental.com\\\/homepage\\\/\",\"url\":\"https:\\\/\\\/lomitatorrancedental.com\\\/homepage\\\/\",\"name\":\"Homepage - Lomita Torrance Dental\",\"isPartOf\":{\"@id\":\"https:\\\/\\\/lomitatorrancedental.com\\\/#website\"},\"primaryImageOfPage\":{\"@id\":\"https:\\\/\\\/lomitatorrancedental.com\\\/homepage\\\/#primaryimage\"},\"image\":{\"@id\":\"https:\\\/\\\/lomitatorrancedental.com\\\/homepage\\\/#primaryimage\"},\"thumbnailUrl\":\"https:\\\/\\\/res.cloudinary.com\\\/lomitatorrancedental\\\/images\\\/f_auto,q_auto\\\/v1641288067\\\/fillonline-250x250-1\\\/fillonline-250x250-1.png?_i=AA\",\"datePublished\":\"2022-01-04T06:16:35+00:00\",\"dateModified\":\"2025-06-11T06:30:07+00:00\",\"breadcrumb\":{\"@id\":\"https:\\\/\\\/lomitatorrancedental.com\\\/homepage\\\/#breadcrumb\"},\"inLanguage\":\"es\",\"potentialAction\":[{\"@type\":\"ReadAction\",\"target\":[\"https:\\\/\\\/lomitatorrancedental.com\\\/homepage\\\/\"]}]},{\"@type\":\"ImageObject\",\"inLanguage\":\"es\",\"@id\":\"https:\\\/\\\/lomitatorrancedental.com\\\/homepage\\\/#primaryimage\",\"url\":\"https:\\\/\\\/res.cloudinary.com\\\/lomitatorrancedental\\\/images\\\/f_auto,q_auto\\\/v1641288067\\\/fillonline-250x250-1\\\/fillonline-250x250-1.png?_i=AA\",\"contentUrl\":\"https:\\\/\\\/res.cloudinary.com\\\/lomitatorrancedental\\\/images\\\/f_auto,q_auto\\\/v1641288067\\\/fillonline-250x250-1\\\/fillonline-250x250-1.png?_i=AA\"},{\"@type\":\"BreadcrumbList\",\"@id\":\"https:\\\/\\\/lomitatorrancedental.com\\\/homepage\\\/#breadcrumb\",\"itemListElement\":[{\"@type\":\"ListItem\",\"position\":1,\"name\":\"Home\",\"item\":\"https:\\\/\\\/lomitatorrancedental.com\\\/\"},{\"@type\":\"ListItem\",\"position\":2,\"name\":\"Homepage\"}]},{\"@type\":\"WebSite\",\"@id\":\"https:\\\/\\\/lomitatorrancedental.com\\\/#website\",\"url\":\"https:\\\/\\\/lomitatorrancedental.com\\\/\",\"name\":\"Lomita Torrance Dental\",\"description\":\"Keeping Comfortable, Friendly Care Affordable\",\"potentialAction\":[{\"@type\":\"SearchAction\",\"target\":{\"@type\":\"EntryPoint\",\"urlTemplate\":\"https:\\\/\\\/lomitatorrancedental.com\\\/?s={search_term_string}\"},\"query-input\":{\"@type\":\"PropertyValueSpecification\",\"valueRequired\":true,\"valueName\":\"search_term_string\"}}],\"inLanguage\":\"es\"}]}<\/script>\n<!-- \/ Yoast SEO plugin. -->","yoast_head_json":{"title":"Homepage - Lomita Torrance Dental","robots":{"index":"index","follow":"follow","max-snippet":"max-snippet:-1","max-image-preview":"max-image-preview:large","max-video-preview":"max-video-preview:-1"},"canonical":"https:\/\/lomitatorrancedental.com\/es\/homepage\/","og_locale":"es_MX","og_type":"article","og_title":"Homepage - Lomita Torrance Dental","og_description":"MULTI SPECIALITY DENTAL PRACTICE A State-of-the-Art Facility offering quality dentistry to Torrance Community CALL NOW SCHEDULE ONLINE Renee White, RDH Born and raised in a small town in Southern New Jersey, Renee received her AA in Dental Hygiene from Temple University. In addition to her work as Claudia Aceves &#8211; Office Manager Oralia Torres &#8211;&hellip;","og_url":"https:\/\/lomitatorrancedental.com\/es\/homepage\/","og_site_name":"Lomita Torrance Dental","article_modified_time":"2025-06-11T06:30:07+00:00","og_image":[{"url":"https:\/\/res.cloudinary.com\/lomitatorrancedental\/images\/f_auto,q_auto\/v1641288067\/fillonline-250x250-1\/fillonline-250x250-1.png?_i=AA","type":"","width":"","height":""}],"twitter_card":"summary_large_image","twitter_misc":{"Tiempo de lectura":"1 minuto"},"schema":{"@context":"https:\/\/schema.org","@graph":[{"@type":"WebPage","@id":"https:\/\/lomitatorrancedental.com\/homepage\/","url":"https:\/\/lomitatorrancedental.com\/homepage\/","name":"Homepage - Lomita Torrance Dental","isPartOf":{"@id":"https:\/\/lomitatorrancedental.com\/#website"},"primaryImageOfPage":{"@id":"https:\/\/lomitatorrancedental.com\/homepage\/#primaryimage"},"image":{"@id":"https:\/\/lomitatorrancedental.com\/homepage\/#primaryimage"},"thumbnailUrl":"https:\/\/res.cloudinary.com\/lomitatorrancedental\/images\/f_auto,q_auto\/v1641288067\/fillonline-250x250-1\/fillonline-250x250-1.png?_i=AA","datePublished":"2022-01-04T06:16:35+00:00","dateModified":"2025-06-11T06:30:07+00:00","breadcrumb":{"@id":"https:\/\/lomitatorrancedental.com\/homepage\/#breadcrumb"},"inLanguage":"es","potentialAction":[{"@type":"ReadAction","target":["https:\/\/lomitatorrancedental.com\/homepage\/"]}]},{"@type":"ImageObject","inLanguage":"es","@id":"https:\/\/lomitatorrancedental.com\/homepage\/#primaryimage","url":"https:\/\/res.cloudinary.com\/lomitatorrancedental\/images\/f_auto,q_auto\/v1641288067\/fillonline-250x250-1\/fillonline-250x250-1.png?_i=AA","contentUrl":"https:\/\/res.cloudinary.com\/lomitatorrancedental\/images\/f_auto,q_auto\/v1641288067\/fillonline-250x250-1\/fillonline-250x250-1.png?_i=AA"},{"@type":"BreadcrumbList","@id":"https:\/\/lomitatorrancedental.com\/homepage\/#breadcrumb","itemListElement":[{"@type":"ListItem","position":1,"name":"Home","item":"https:\/\/lomitatorrancedental.com\/"},{"@type":"ListItem","position":2,"name":"Homepage"}]},{"@type":"WebSite","@id":"https:\/\/lomitatorrancedental.com\/#website","url":"https:\/\/lomitatorrancedental.com\/","name":"Lomita Torrance Dental","description":"Keeping Comfortable, Friendly Care Affordable","potentialAction":[{"@type":"SearchAction","target":{"@type":"EntryPoint","urlTemplate":"https:\/\/lomitatorrancedental.com\/?s={search_term_string}"},"query-input":{"@type":"PropertyValueSpecification","valueRequired":true,"valueName":"search_term_string"}}],"inLanguage":"es"}]}},"_links":{"self":[{"href":"https:\/\/lomitatorrancedental.com\/es\/wp-json\/wp\/v2\/pages\/172","targetHints":{"allow":["GET"]}}],"collection":[{"href":"https:\/\/lomitatorrancedental.com\/es\/wp-json\/wp\/v2\/pages"}],"about":[{"href":"https:\/\/lomitatorrancedental.com\/es\/wp-json\/wp\/v2\/types\/page"}],"author":[{"embeddable":true,"href":"https:\/\/lomitatorrancedental.com\/es\/wp-json\/wp\/v2\/users\/1"}],"replies":[{"embeddable":true,"href":"https:\/\/lomitatorrancedental.com\/es\/wp-json\/wp\/v2\/comments?post=172"}],"version-history":[{"count":11,"href":"https:\/\/lomitatorrancedental.com\/es\/wp-json\/wp\/v2\/pages\/172\/revisions"}],"predecessor-version":[{"id":1668,"href":"https:\/\/lomitatorrancedental.com\/es\/wp-json\/wp\/v2\/pages\/172\/revisions\/1668"}],"wp:attachment":[{"href":"https:\/\/lomitatorrancedental.com\/es\/wp-json\/wp\/v2\/media?parent=172"}],"curies":[{"name":"wp","href":"https:\/\/api.w.org\/{rel}","templated":true}]}}