{"id":162,"date":"2022-01-02T23:59:48","date_gmt":"2022-01-03T07:59:48","guid":{"rendered":"https:\/\/lomitatorrancedental.com\/?page_id=162"},"modified":"2025-09-03T11:13:22","modified_gmt":"2025-09-03T18:13:22","slug":"who-we-are","status":"publish","type":"page","link":"https:\/\/lomitatorrancedental.com\/es\/who-we-are\/","title":{"rendered":"Who We Are"},"content":{"rendered":"<h1>\n\t\t\tCl\u00ednica Dental Multiespecialidad\t<\/h1>\n\t<p>Cl\u00ednica dental multiespecialidad con tecnolog\u00eda avanzada y atenci\u00f3n de calidad para la comunidad de Torrance.<\/p>\n\t\t\t<a href=\"tel:+13105397835\" target=\"_self\">\n\t\t\t\t\t\tCALL NOW\n\t\t\t\t\t<\/a>\n\t\t\t<a href=\"https:\/\/www.patientviewer.com\/?RSID=36333139&#038;CID=33&#038;C=1254&#038;utm_source=LTDO&#038;utm_medium=test2&#038;utm_campaign=Mainwebsite\" target=\"_blank\" rel=\"noopener\">\n\t\t\t\t\t\tPROGRAMAR CITA EN L\u00cdNEA\n\t\t\t\t\t<\/a>\n<h2>\n\t\t\tUn Dentista En Torrance Que Se Preocupa\t<\/h2>\n\t<h3>La odontolog\u00eda es tan \u00fanica como usted, y lo entendemos.<\/h3>\n<p>Your oral health is of the utmost importance to us. If you&#8217;re looking for unparalleled general dentistry and cosmetic dentistry in Torrance, look no further than Lomita Torrance Dental Office. We strive to make your visit to our Torrance dental office as easy and enjoyable as possible.<\/p>\n\t\t\t\t\t\t\t\t<a href=\"https:\/\/lomitatorrancedental.com\/es\/contact-us-schedule-appointment\/\" target=\"_self\">\n\t\t\t\t\t\t<\/a>\n\t<h3><a href=\"https:\/\/lomitatorrancedental.com\/es\/contact-us-schedule-appointment\/\"  target=\"_self\">Todos Los Servicios Dentales <br \/>En Un Solo Lugar<\/a><\/h3><p>\u00bfCansado de ir de un consultorio a otro para asegurarse de que se cubran sus necesidades de salud dental? Nuestra amplia gama de servicios le permite obtener la atenci\u00f3n dental que necesita, todo en un solo lugar.<\/p>\n<p>&nbsp;<\/p>\n\t\t\t<a href=\"https:\/\/lomitatorrancedental.com\/es\/contact-us-schedule-appointment\/\" target=\"_self\">\n\t\t\t\t\t\t\tPROGRAMAR CITA EN L\u00cdNEA\n\t\t\t<\/a>\n\t\t\t\t\t\t\t\t<a href=\"https:\/\/lomitatorrancedental.com\/es\/contact-us-schedule-appointment\/\" target=\"_self\">\n\t\t\t\t\t\t<\/a>\n\t<h3><a href=\"https:\/\/lomitatorrancedental.com\/es\/contact-us-schedule-appointment\/\"  target=\"_self\">Aceptamos La Mayor\u00eda De Los <br \/>Seguros Dentales<\/a><\/h3><p>We do accept most dental insurance plans, including company employees&#8217; insurance, to help cover the care you deserve. See who we are preferred providers for.<\/p>\n<p>&nbsp;<\/p>\n\t\t\t<a href=\"https:\/\/lomitatorrancedental.com\/es\/contact-us-schedule-appointment\/\" target=\"_self\">\n\t\t\t\t\t\t\tSEGUR0S ACEPTADOS\n\t\t\t<\/a>\n\t\t\t\t\t\t\t\t<a href=\"https:\/\/lomitatorrancedental.com\/es\/contact-us-schedule-appointment\/\" target=\"_self\">\n\t\t\t\t\t\t<\/a>\n\t<h3><a href=\"https:\/\/lomitatorrancedental.com\/es\/contact-us-schedule-appointment\/\"  target=\"_self\">\u00bfSin Beneficios Dentales? <br \/>You&#8217;re Covered!<\/a><\/h3><p>We&#8217;re happy to provide our own comprehensive dental insurance plan to give you access to quality dental care.<\/p>\n<p>&nbsp;<\/p>\n\t\t\t<a href=\"https:\/\/lomitatorrancedental.com\/es\/contact-us-schedule-appointment\/\" target=\"_self\">\n\t\t\t\t\t\t\tM\u00c1S INFORMACI\u00d3N\n\t\t\t<\/a>\n<h2>\n\t\t\tMiles de Pacientes Satisfechos\t<\/h2>\n<h2>\n\t\t\t\u00bfListo Para Transformar Su Sonrisa?\t<\/h2>\n\t<p>\u00a1Puede confiar su sonrisa a nuestro dentista en Torrance, CA!<\/p>\n\t\t\t\t\t\t\t\t<a href=\"https:\/\/lomitatorrancedental.com\/es\/contact-us-schedule-appointment\/#map\" target=\"_self\">\n\t\t\t\t\t\t<\/a>\n\t<h3><a href=\"https:\/\/lomitatorrancedental.com\/es\/contact-us-schedule-appointment\/#map\"  target=\"_self\">Encuentre Nuestro Consultorio<\/a><\/h3><p>Nuestra cl\u00ednica dental es f\u00e1cil de encontrar en Torrance, CA, muy cerca de la gasolinera ARCO. Obtenga indicaciones haciendo clic en el bot\u00f3n de abajo.<\/p>\n<p>&nbsp;<\/p>\n<p>&nbsp;<\/p>\n\t\t\t<a href=\"https:\/\/lomitatorrancedental.com\/es\/contact-us-schedule-appointment\/#map\" target=\"_self\">\n\t\t\t\t\t\t\tC\u00d3MO LLEGAR\n\t\t\t<\/a>\n\t\t\t\t\t\t\t\t<a href=\"https:\/\/www.patientviewer.com\/?RSID=36333139&#038;CID=33&#038;C=1254&#038;utm_source=LTDO&#038;utm_medium=test2&#038;utm_campaign=Mainwebsite\" target=\"_blank\" rel=\"noopener\">\n\t\t\t\t\t\t<\/a>\n\t<h3><a href=\"https:\/\/www.patientviewer.com\/?RSID=36333139&#038;CID=33&#038;C=1254&#038;utm_source=LTDO&#038;utm_medium=test2&#038;utm_campaign=Mainwebsite\"  target=\"_blank\"  rel=\"noopener\">Programe Su Cita<\/a><\/h3><p>We&#8217;re here to make your visits as convenient as possible. You can schedule your appointments either online or call us directly at 424-201-2188.<\/p>\n<p>&nbsp;<\/p>\n<p>&nbsp;<\/p>\n\t\t\t<a href=\"https:\/\/www.patientviewer.com\/?RSID=36333139&#038;CID=33&#038;C=1254&#038;utm_source=LTDO&#038;utm_medium=test2&#038;utm_campaign=Mainwebsite\" target=\"_blank\" rel=\"noopener\">\n\t\t\t\t\t\t\tPROGRAMAR CITA EN L\u00cdNEA\n\t\t\t<\/a>\n\t\t\t\t\t\t\t\t<a href=\"https:\/\/lomitatorrancedental.com\/es\/new-patient-forms\/#forms\" target=\"_self\">\n\t\t\t\t\t\t<\/a>\n\t<h3><a href=\"https:\/\/lomitatorrancedental.com\/es\/new-patient-forms\/#forms\"  target=\"_self\">Descargue Los Formularios De Pacientes<\/a><\/h3><p>Puede descargar nuestros formularios para nuevos pacientes directamente desde nuestro sitio web. Si\u00e9ntase libre de completarlos en la comodidad de su hogar.<\/p>\n<p>&nbsp;<\/p>\n<p>&nbsp;<\/p>\n\t\t\t<a href=\"https:\/\/lomitatorrancedental.com\/es\/new-patient-forms\/#forms\" target=\"_self\">\n\t\t\t\t\t\t\tDOWNLOAD OUR FORMS\n\t\t\t<\/a>\n\t\t\t\t<img width='640' height='480' decoding='async' src='data:image\/svg+xml;base64,PHN2ZyB4bWxucz0iaHR0cDovL3d3dy53My5vcmcvMjAwMC9zdmciIHdpZHRoPSI2NDAiIGhlaWdodD0iNDgwIj48cmVjdCB3aWR0aD0iMTAwJSIgaGVpZ2h0PSIxMDAlIj48YW5pbWF0ZSBhdHRyaWJ1dGVOYW1lPSJmaWxsIiB2YWx1ZXM9InJnYmEoMTUzLDE1MywxNTMsMC41KTtyZ2JhKDE1MywxNTMsMTUzLDAuMSk7cmdiYSgxNTMsMTUzLDE1MywwLjUpIiBkdXI9IjJzIiByZXBlYXRDb3VudD0iaW5kZWZpbml0ZSIgLz48L3JlY3Q+PC9zdmc+' alt='Convenient-Patient-Centered-Care_743f5fe_7491bb1' itemprop='image' title='Convenient-Patient-Centered-Care_743f5fe_7491bb1' onerror='this.style.display=&#039;none&#039;' loading='lazy' data-public-id='Convenient-Patient-Centered-Care_743f5fe_7491bb1_168350d01\/Convenient-Patient-Centered-Care_743f5fe_7491bb1_168350d01.jpeg' class='wp-post-0 wp-image-1683' data-format='jpeg' data-transformations='f_auto,q_auto' data-version='1750947130' data-seo='1' data-size='640 480' data-srcset='https:\/\/res.cloudinary.com\/lomitatorrancedental\/images\/f_auto,q_auto\/v1750947130\/Convenient-Patient-Centered-Care_743f5fe_7491bb1_168350d01\/Convenient-Patient-Centered-Care_743f5fe_7491bb1_168350d01.jpeg?_i=AA 640w, https:\/\/res.cloudinary.com\/lomitatorrancedental\/images\/w_300,h_225,c_scale\/f_auto,q_auto\/v1750947130\/Convenient-Patient-Centered-Care_743f5fe_7491bb1_168350d01\/Convenient-Patient-Centered-Care_743f5fe_7491bb1_168350d01.jpeg?_i=AA 300w' data-sizes='(max-width: 640px) 100vw, 640px' data-delivery='upload' onload=';window.CLDBind?CLDBind(this):null;' data-cloudinary='lazy' \/>\n\t\t\t\t<img width='640' height='480' decoding='async' src='data:image\/svg+xml;base64,PHN2ZyB4bWxucz0iaHR0cDovL3d3dy53My5vcmcvMjAwMC9zdmciIHdpZHRoPSI2NDAiIGhlaWdodD0iNDgwIj48cmVjdCB3aWR0aD0iMTAwJSIgaGVpZ2h0PSIxMDAlIj48YW5pbWF0ZSBhdHRyaWJ1dGVOYW1lPSJmaWxsIiB2YWx1ZXM9InJnYmEoMTUzLDE1MywxNTMsMC41KTtyZ2JhKDE1MywxNTMsMTUzLDAuMSk7cmdiYSgxNTMsMTUzLDE1MywwLjUpIiBkdXI9IjJzIiByZXBlYXRDb3VudD0iaW5kZWZpbml0ZSIgLz48L3JlY3Q+PC9zdmc+' alt='IMG_0323_11816957' itemprop='image' title='IMG_0323_11816957' onerror='this.style.display=&#039;none&#039;' loading='lazy' data-public-id='IMG_0323_11816957_1684b19ba\/IMG_0323_11816957_1684b19ba.jpeg' class='wp-post-0 wp-image-1684' data-format='jpeg' data-transformations='f_auto,q_auto' data-version='1750947156' data-seo='1' data-size='640 480' data-srcset='https:\/\/res.cloudinary.com\/lomitatorrancedental\/images\/f_auto,q_auto\/v1750947156\/IMG_0323_11816957_1684b19ba\/IMG_0323_11816957_1684b19ba.jpeg?_i=AA 640w, https:\/\/res.cloudinary.com\/lomitatorrancedental\/images\/w_300,h_225,c_scale\/f_auto,q_auto\/v1750947156\/IMG_0323_11816957_1684b19ba\/IMG_0323_11816957_1684b19ba.jpeg?_i=AA 300w' data-sizes='(max-width: 640px) 100vw, 640px' data-delivery='upload' onload=';window.CLDBind?CLDBind(this):null;' data-cloudinary='lazy' \/>\n\t\t\t\t<img width='640' height='480' decoding='async' src='data:image\/svg+xml;base64,PHN2ZyB4bWxucz0iaHR0cDovL3d3dy53My5vcmcvMjAwMC9zdmciIHdpZHRoPSI2NDAiIGhlaWdodD0iNDgwIj48cmVjdCB3aWR0aD0iMTAwJSIgaGVpZ2h0PSIxMDAlIj48YW5pbWF0ZSBhdHRyaWJ1dGVOYW1lPSJmaWxsIiB2YWx1ZXM9InJnYmEoMTUzLDE1MywxNTMsMC41KTtyZ2JhKDE1MywxNTMsMTUzLDAuMSk7cmdiYSgxNTMsMTUzLDE1MywwLjUpIiBkdXI9IjJzIiByZXBlYXRDb3VudD0iaW5kZWZpbml0ZSIgLz48L3JlY3Q+PC9zdmc+' alt='IMG_0327_119c9362_11939f52' itemprop='image' title='IMG_0327_119c9362_11939f52' onerror='this.style.display=&#039;none&#039;' loading='lazy' data-public-id='IMG_0327_119c9362_11939f52_16859df1d\/IMG_0327_119c9362_11939f52_16859df1d.jpeg' class='wp-post-0 wp-image-1685' data-format='jpeg' data-transformations='f_auto,q_auto' data-version='1750947180' data-seo='1' data-size='640 480' data-srcset='https:\/\/res.cloudinary.com\/lomitatorrancedental\/images\/f_auto,q_auto\/v1750947180\/IMG_0327_119c9362_11939f52_16859df1d\/IMG_0327_119c9362_11939f52_16859df1d.jpeg?_i=AA 640w, https:\/\/res.cloudinary.com\/lomitatorrancedental\/images\/w_300,h_225,c_scale\/f_auto,q_auto\/v1750947180\/IMG_0327_119c9362_11939f52_16859df1d\/IMG_0327_119c9362_11939f52_16859df1d.jpeg?_i=AA 300w' data-sizes='(max-width: 640px) 100vw, 640px' data-delivery='upload' onload=';window.CLDBind?CLDBind(this):null;' data-cloudinary='lazy' \/>\n\t\t\t\t<img width='640' height='480' decoding='async' src='data:image\/svg+xml;base64,PHN2ZyB4bWxucz0iaHR0cDovL3d3dy53My5vcmcvMjAwMC9zdmciIHdpZHRoPSI2NDAiIGhlaWdodD0iNDgwIj48cmVjdCB3aWR0aD0iMTAwJSIgaGVpZ2h0PSIxMDAlIj48YW5pbWF0ZSBhdHRyaWJ1dGVOYW1lPSJmaWxsIiB2YWx1ZXM9InJnYmEoMTUzLDE1MywxNTMsMC41KTtyZ2JhKDE1MywxNTMsMTUzLDAuMSk7cmdiYSgxNTMsMTUzLDE1MywwLjUpIiBkdXI9IjJzIiByZXBlYXRDb3VudD0iaW5kZWZpbml0ZSIgLz48L3JlY3Q+PC9zdmc+' alt='IMG_0328_120c9525_120635e7' itemprop='image' title='IMG_0328_120c9525_120635e7' onerror='this.style.display=&#039;none&#039;' loading='lazy' data-public-id='IMG_0328_120c9525_120635e7_16868cc81\/IMG_0328_120c9525_120635e7_16868cc81.jpeg' class='wp-post-0 wp-image-1686' data-format='jpeg' data-transformations='f_auto,q_auto' data-version='1750947196' data-seo='1' data-size='640 480' data-srcset='https:\/\/res.cloudinary.com\/lomitatorrancedental\/images\/f_auto,q_auto\/v1750947196\/IMG_0328_120c9525_120635e7_16868cc81\/IMG_0328_120c9525_120635e7_16868cc81.jpeg?_i=AA 640w, https:\/\/res.cloudinary.com\/lomitatorrancedental\/images\/w_300,h_225,c_scale\/f_auto,q_auto\/v1750947196\/IMG_0328_120c9525_120635e7_16868cc81\/IMG_0328_120c9525_120635e7_16868cc81.jpeg?_i=AA 300w' data-sizes='(max-width: 640px) 100vw, 640px' data-delivery='upload' onload=';window.CLDBind?CLDBind(this):null;' data-cloudinary='lazy' \/>\n<h2>\n\t\t\t\u00bfListo Para Comenzar Su Viaje Hacia Una Mejor Sonrisa?\t<\/h2>\n\t<p>Your new smile is only a few clicks away &#8211; fill out the form below and someone from our team will get in touch with you!<\/p>\n\t<iframe src=\"https:\/\/www.google.com\/maps\/embed\/v1\/place?q=23520+Crenshaw+Blvd%2C+Torrance%2C+CA+90505&#038;key=AIzaSyD09zQ9PNDNNy9TadMuzRV_UsPUoWKntt8\" aria-hidden=\"true\" title=\"Lomita Torrance Dental\"><\/iframe>\n\t<p><strong>Lomita-Torrance Dental Office<\/strong><\/p>\n<a href=\"https:\/\/maps.google.com\/maps?f=q&amp;hl=en&amp;q=23520+Crenshaw+Boulevard,+90505\" target=\"_blank\" rel=\"noopener noreferrer\">23520 Crenshaw Boulevard<br \/>\nTorrance,\u00a0CA\u00a090505<\/a>\n<strong>Call<\/strong>:\u00a0<a href=\"tel:+13105397835\">(310) 539-7835<\/a>\n<strong>Fax<\/strong>:\u00a0310-530-1510\n\t<p><strong>Our Hours<\/strong><\/p>\nMon8:00AM &#8211; 5:00PM\nTue9:00AM &#8211; 6:00PM\nWed8:00AM &#8211; 5:00PM\nThu9:00AM &#8211; 6:00PM\nFri8:00AM &#8211; 5:00PM\n\t<p><strong>Quick Links<\/strong><\/p>","protected":false},"excerpt":{"rendered":"<p>MULTI SPECIALITY DENTAL PRACTICE A State-of-the-Art Facility offering quality dentistry to Torrance Community CALL NOW SCHEDULE ONLINE A Dentist in Torrance, CA Who Cares Dentistry is as unique as you are, and we understand that. Your oral health is of the utmost importance to us. If you&#8217;re looking for unparalleled general dentistry and cosmetic dentistry&hellip;<\/p>","protected":false},"author":1,"featured_media":0,"parent":0,"menu_order":2,"comment_status":"closed","ping_status":"closed","template":"","meta":{"_cloudinary_featured_overwrite":false,"footnotes":""},"class_list":["post-162","page","type-page","status-publish","hentry"],"yoast_head":"<!-- This site is optimized with the Yoast SEO plugin v27.3 - https:\/\/yoast.com\/product\/yoast-seo-wordpress\/ -->\n<title>Who We Are | Lomita-Torrance Dental Office<\/title>\n<meta name=\"description\" content=\"We\u2019ve made it our mission to provide total dental care for your entire family in one convenient setting.\" \/>\n<meta name=\"robots\" content=\"index, follow, max-snippet:-1, max-image-preview:large, max-video-preview:-1\" \/>\n<link rel=\"canonical\" href=\"https:\/\/lomitatorrancedental.com\/es\/who-we-are\/\" \/>\n<meta property=\"og:locale\" content=\"es_MX\" \/>\n<meta property=\"og:type\" content=\"article\" \/>\n<meta property=\"og:title\" content=\"Who We Are | Lomita-Torrance Dental Office\" \/>\n<meta property=\"og:description\" content=\"We\u2019ve made it our mission to provide total dental care for your entire family in one convenient setting.\" \/>\n<meta property=\"og:url\" content=\"https:\/\/lomitatorrancedental.com\/es\/who-we-are\/\" \/>\n<meta property=\"og:site_name\" content=\"Lomita Torrance Dental\" \/>\n<meta property=\"article:modified_time\" content=\"2025-09-03T18:13:22+00:00\" \/>\n<meta property=\"og:image\" content=\"https:\/\/res.cloudinary.com\/lomitatorrancedental\/images\/f_auto,q_auto\/v1750947130\/Convenient-Patient-Centered-Care_743f5fe_7491bb1_168350d01\/Convenient-Patient-Centered-Care_743f5fe_7491bb1_168350d01.jpeg?_i=AA\" \/>\n<meta name=\"twitter:card\" content=\"summary_large_image\" \/>\n<meta name=\"twitter:label1\" content=\"Tiempo de lectura\" \/>\n\t<meta name=\"twitter:data1\" content=\"3 minutos\" \/>\n<script type=\"application\/ld+json\" class=\"yoast-schema-graph\">{\"@context\":\"https:\\\/\\\/schema.org\",\"@graph\":[{\"@type\":\"WebPage\",\"@id\":\"https:\\\/\\\/lomitatorrancedental.com\\\/who-we-are\\\/\",\"url\":\"https:\\\/\\\/lomitatorrancedental.com\\\/who-we-are\\\/\",\"name\":\"Who We Are | Lomita-Torrance Dental Office\",\"isPartOf\":{\"@id\":\"https:\\\/\\\/lomitatorrancedental.com\\\/#website\"},\"primaryImageOfPage\":{\"@id\":\"https:\\\/\\\/lomitatorrancedental.com\\\/who-we-are\\\/#primaryimage\"},\"image\":{\"@id\":\"https:\\\/\\\/lomitatorrancedental.com\\\/who-we-are\\\/#primaryimage\"},\"thumbnailUrl\":\"https:\\\/\\\/res.cloudinary.com\\\/lomitatorrancedental\\\/images\\\/f_auto,q_auto\\\/v1750947130\\\/Convenient-Patient-Centered-Care_743f5fe_7491bb1_168350d01\\\/Convenient-Patient-Centered-Care_743f5fe_7491bb1_168350d01.jpeg?_i=AA\",\"datePublished\":\"2022-01-03T07:59:48+00:00\",\"dateModified\":\"2025-09-03T18:13:22+00:00\",\"description\":\"We\u2019ve made it our mission to provide total dental care for your entire family in one convenient setting.\",\"breadcrumb\":{\"@id\":\"https:\\\/\\\/lomitatorrancedental.com\\\/who-we-are\\\/#breadcrumb\"},\"inLanguage\":\"es\",\"potentialAction\":[{\"@type\":\"ReadAction\",\"target\":[\"https:\\\/\\\/lomitatorrancedental.com\\\/who-we-are\\\/\"]}]},{\"@type\":\"ImageObject\",\"inLanguage\":\"es\",\"@id\":\"https:\\\/\\\/lomitatorrancedental.com\\\/who-we-are\\\/#primaryimage\",\"url\":\"https:\\\/\\\/res.cloudinary.com\\\/lomitatorrancedental\\\/images\\\/f_auto,q_auto\\\/v1750947130\\\/Convenient-Patient-Centered-Care_743f5fe_7491bb1_168350d01\\\/Convenient-Patient-Centered-Care_743f5fe_7491bb1_168350d01.jpeg?_i=AA\",\"contentUrl\":\"https:\\\/\\\/res.cloudinary.com\\\/lomitatorrancedental\\\/images\\\/f_auto,q_auto\\\/v1750947130\\\/Convenient-Patient-Centered-Care_743f5fe_7491bb1_168350d01\\\/Convenient-Patient-Centered-Care_743f5fe_7491bb1_168350d01.jpeg?_i=AA\"},{\"@type\":\"BreadcrumbList\",\"@id\":\"https:\\\/\\\/lomitatorrancedental.com\\\/who-we-are\\\/#breadcrumb\",\"itemListElement\":[{\"@type\":\"ListItem\",\"position\":1,\"name\":\"Home\",\"item\":\"https:\\\/\\\/lomitatorrancedental.com\\\/\"},{\"@type\":\"ListItem\",\"position\":2,\"name\":\"Who We Are\"}]},{\"@type\":\"WebSite\",\"@id\":\"https:\\\/\\\/lomitatorrancedental.com\\\/#website\",\"url\":\"https:\\\/\\\/lomitatorrancedental.com\\\/\",\"name\":\"Lomita Torrance Dental\",\"description\":\"Keeping Comfortable, Friendly Care Affordable\",\"potentialAction\":[{\"@type\":\"SearchAction\",\"target\":{\"@type\":\"EntryPoint\",\"urlTemplate\":\"https:\\\/\\\/lomitatorrancedental.com\\\/?s={search_term_string}\"},\"query-input\":{\"@type\":\"PropertyValueSpecification\",\"valueRequired\":true,\"valueName\":\"search_term_string\"}}],\"inLanguage\":\"es\"}]}<\/script>\n<!-- \/ Yoast SEO plugin. -->","yoast_head_json":{"title":"Who We Are | Lomita-Torrance Dental Office","description":"We\u2019ve made it our mission to provide total dental care for your entire family in one convenient setting.","robots":{"index":"index","follow":"follow","max-snippet":"max-snippet:-1","max-image-preview":"max-image-preview:large","max-video-preview":"max-video-preview:-1"},"canonical":"https:\/\/lomitatorrancedental.com\/es\/who-we-are\/","og_locale":"es_MX","og_type":"article","og_title":"Who We Are | Lomita-Torrance Dental Office","og_description":"We\u2019ve made it our mission to provide total dental care for your entire family in one convenient setting.","og_url":"https:\/\/lomitatorrancedental.com\/es\/who-we-are\/","og_site_name":"Lomita Torrance Dental","article_modified_time":"2025-09-03T18:13:22+00:00","og_image":[{"url":"https:\/\/res.cloudinary.com\/lomitatorrancedental\/images\/f_auto,q_auto\/v1750947130\/Convenient-Patient-Centered-Care_743f5fe_7491bb1_168350d01\/Convenient-Patient-Centered-Care_743f5fe_7491bb1_168350d01.jpeg?_i=AA","type":"","width":"","height":""}],"twitter_card":"summary_large_image","twitter_misc":{"Tiempo de lectura":"3 minutos"},"schema":{"@context":"https:\/\/schema.org","@graph":[{"@type":"WebPage","@id":"https:\/\/lomitatorrancedental.com\/who-we-are\/","url":"https:\/\/lomitatorrancedental.com\/who-we-are\/","name":"Who We Are | Lomita-Torrance Dental Office","isPartOf":{"@id":"https:\/\/lomitatorrancedental.com\/#website"},"primaryImageOfPage":{"@id":"https:\/\/lomitatorrancedental.com\/who-we-are\/#primaryimage"},"image":{"@id":"https:\/\/lomitatorrancedental.com\/who-we-are\/#primaryimage"},"thumbnailUrl":"https:\/\/res.cloudinary.com\/lomitatorrancedental\/images\/f_auto,q_auto\/v1750947130\/Convenient-Patient-Centered-Care_743f5fe_7491bb1_168350d01\/Convenient-Patient-Centered-Care_743f5fe_7491bb1_168350d01.jpeg?_i=AA","datePublished":"2022-01-03T07:59:48+00:00","dateModified":"2025-09-03T18:13:22+00:00","description":"We\u2019ve made it our mission to provide total dental care for your entire family in one convenient setting.","breadcrumb":{"@id":"https:\/\/lomitatorrancedental.com\/who-we-are\/#breadcrumb"},"inLanguage":"es","potentialAction":[{"@type":"ReadAction","target":["https:\/\/lomitatorrancedental.com\/who-we-are\/"]}]},{"@type":"ImageObject","inLanguage":"es","@id":"https:\/\/lomitatorrancedental.com\/who-we-are\/#primaryimage","url":"https:\/\/res.cloudinary.com\/lomitatorrancedental\/images\/f_auto,q_auto\/v1750947130\/Convenient-Patient-Centered-Care_743f5fe_7491bb1_168350d01\/Convenient-Patient-Centered-Care_743f5fe_7491bb1_168350d01.jpeg?_i=AA","contentUrl":"https:\/\/res.cloudinary.com\/lomitatorrancedental\/images\/f_auto,q_auto\/v1750947130\/Convenient-Patient-Centered-Care_743f5fe_7491bb1_168350d01\/Convenient-Patient-Centered-Care_743f5fe_7491bb1_168350d01.jpeg?_i=AA"},{"@type":"BreadcrumbList","@id":"https:\/\/lomitatorrancedental.com\/who-we-are\/#breadcrumb","itemListElement":[{"@type":"ListItem","position":1,"name":"Home","item":"https:\/\/lomitatorrancedental.com\/"},{"@type":"ListItem","position":2,"name":"Who We Are"}]},{"@type":"WebSite","@id":"https:\/\/lomitatorrancedental.com\/#website","url":"https:\/\/lomitatorrancedental.com\/","name":"Lomita Torrance Dental","description":"Keeping Comfortable, Friendly Care Affordable","potentialAction":[{"@type":"SearchAction","target":{"@type":"EntryPoint","urlTemplate":"https:\/\/lomitatorrancedental.com\/?s={search_term_string}"},"query-input":{"@type":"PropertyValueSpecification","valueRequired":true,"valueName":"search_term_string"}}],"inLanguage":"es"}]}},"_links":{"self":[{"href":"https:\/\/lomitatorrancedental.com\/es\/wp-json\/wp\/v2\/pages\/162","targetHints":{"allow":["GET"]}}],"collection":[{"href":"https:\/\/lomitatorrancedental.com\/es\/wp-json\/wp\/v2\/pages"}],"about":[{"href":"https:\/\/lomitatorrancedental.com\/es\/wp-json\/wp\/v2\/types\/page"}],"author":[{"embeddable":true,"href":"https:\/\/lomitatorrancedental.com\/es\/wp-json\/wp\/v2\/users\/1"}],"replies":[{"embeddable":true,"href":"https:\/\/lomitatorrancedental.com\/es\/wp-json\/wp\/v2\/comments?post=162"}],"version-history":[{"count":12,"href":"https:\/\/lomitatorrancedental.com\/es\/wp-json\/wp\/v2\/pages\/162\/revisions"}],"predecessor-version":[{"id":1886,"href":"https:\/\/lomitatorrancedental.com\/es\/wp-json\/wp\/v2\/pages\/162\/revisions\/1886"}],"wp:attachment":[{"href":"https:\/\/lomitatorrancedental.com\/es\/wp-json\/wp\/v2\/media?parent=162"}],"curies":[{"name":"wp","href":"https:\/\/api.w.org\/{rel}","templated":true}]}}